{"id":18,"date":"2023-03-15T08:46:44","date_gmt":"2023-03-15T08:46:44","guid":{"rendered":"https:\/\/wpworkphy.belalumo.de\/?page_id=18"},"modified":"2026-01-24T18:44:37","modified_gmt":"2026-01-24T18:44:37","slug":"home","status":"publish","type":"page","link":"https:\/\/www.physiotherapie-weissensee.de\/","title":{"rendered":"Home"},"content":{"rendered":"\n<style type=\"text\/css\" data-created_by=\"avia_inline_auto\" id=\"style-css-av-ljczwc4c-8f1cb2587d759ba5493ca482fa749c8c\">\n.avia-section.av-ljczwc4c-8f1cb2587d759ba5493ca482fa749c8c .av-parallax .av-parallax-inner{\nbackground-repeat:no-repeat;\nbackground-image:url(https:\/\/www.physiotherapie-weissensee.de\/wp-content\/uploads\/2023\/06\/kat_home.jpg);\nbackground-position:50% 50%;\nbackground-attachment:scroll;\n}\n<\/style>\n<div id='id_seitentitel'  class='avia-section av-ljczwc4c-8f1cb2587d759ba5493ca482fa749c8c main_color avia-section-no-padding avia-no-border-styling  avia-builder-el-0  el_before_av_section  avia-builder-el-first  av-medium-hide av-small-hide av-mini-hide avia-full-stretch av-parallax-section avia-bg-style-parallax av-minimum-height av-minimum-height-custom  container_wrap fullsize'  data-section-bg-repeat='stretch' data-av_minimum_height_px='300'><div class='av-parallax' data-avia-parallax-ratio='0.3' ><div class='av-parallax-inner main_color avia-full-stretch'><\/div><\/div><div class='container av-section-cont-open' style='height:300px'><main  role=\"main\" itemprop=\"mainContentOfPage\"  class='template-page content  av-content-full alpha units'><div class='post-entry post-entry-type-page post-entry-18'><div class='entry-content-wrapper clearfix'>\n<div class='flex_column_table av-6f16-8e9287084522983c25f447a0c1d9a0dc sc-av_one_full av-equal-height-column-flextable'>\n<style type=\"text\/css\" data-created_by=\"avia_inline_auto\" id=\"style-css-av-6f16-8e9287084522983c25f447a0c1d9a0dc\">\n#top .flex_column_table.av-equal-height-column-flextable.av-6f16-8e9287084522983c25f447a0c1d9a0dc{\nmargin-bottom:0px;\n}\n.flex_column.av-6f16-8e9287084522983c25f447a0c1d9a0dc{\n-webkit-transform:scale(1.5);\n-moz-transform:scale(1.5);\n-ms-transform:scale(1.5);\n-o-transform:scale(1.5);\ntransform:scale(1.5);\nz-index:5;\nposition:absolute;\nbottom:0px;\npadding:0 0 0 16%;\nbackground-color:rgba(255,255,255,0.48);\n}\n\n@media only screen and (min-width: 768px) and (max-width: 989px){ \n#top .flex_column_table.av-equal-height-column-flextable.av-6f16-8e9287084522983c25f447a0c1d9a0dc{\nmargin-top:50px;\nmargin-bottom:0;\n}\n}\n\n@media only screen and (min-width: 480px) and (max-width: 767px){ \n#top .flex_column_table.av-equal-height-column-flextable.av-6f16-8e9287084522983c25f447a0c1d9a0dc{\nmargin-top:50px;\nmargin-bottom:0;\n}\n}\n\n@media only screen and (max-width: 479px){ \n#top .flex_column_table.av-equal-height-column-flextable.av-6f16-8e9287084522983c25f447a0c1d9a0dc{\nmargin-top:50px;\n}\n}\n<\/style>\n<div class='flex_column av-6f16-8e9287084522983c25f447a0c1d9a0dc av_one_full  avia-builder-el-1  avia-builder-el-no-sibling  first flex_column_table_cell av-equal-height-column av-align-bottom av-custom-positioned '     ><section  class='av_textblock_section av-ljcztyr1-8b9ea4a4ba82751aedeecf65ec68f13c'  itemscope=\"itemscope\" itemtype=\"https:\/\/schema.org\/CreativeWork\" ><div class='avia_textblock'  itemprop=\"text\" ><h1 class=\"post-title\">Willkommen<\/h1>\n<div class=\"post_content\"><\/div>\n<\/div><\/section><\/div><\/div><!--close column table wrapper. Autoclose: 1 -->\n\n<\/div><\/div><\/main><!-- close content main element --><\/div><\/div>\n<style type=\"text\/css\" data-created_by=\"avia_inline_auto\" id=\"style-css-av-ljczwrvy-049bc286103a33f7460afed2cf8fd464\">\n.avia-section.av-ljczwrvy-049bc286103a33f7460afed2cf8fd464{\nbackground-color:#ffffff;\nbackground-image:url(https:\/\/www.physiotherapie-weissensee.de\/wp-content\/uploads\/2023\/06\/kat_home.jpg);\nbackground-repeat:no-repeat;\nbackground-position:50% 50%;\nbackground-attachment:fixed;\nmargin-top:0px;\nmargin-bottom:0px;\n}\n.avia-section.av-ljczwrvy-049bc286103a33f7460afed2cf8fd464 .av-section-color-overlay{\nopacity:0.5;\n}\n\n@media only screen and (min-width: 768px) and (max-width: 989px){ \n.avia-section.av-ljczwrvy-049bc286103a33f7460afed2cf8fd464{\nmargin-top:0;\nmargin-bottom:0;\n}\n}\n\n@media only screen and (min-width: 480px) and (max-width: 767px){ \n.avia-section.av-ljczwrvy-049bc286103a33f7460afed2cf8fd464{\nmargin-top:0;\nmargin-bottom:0;\n}\n}\n\n@media only screen and (max-width: 479px){ \n.avia-section.av-ljczwrvy-049bc286103a33f7460afed2cf8fd464{\nmargin-top:0;\nmargin-bottom:0;\n}\n}\n<\/style>\n<div id='id_seitentitel_mobil'  class='avia-section av-ljczwrvy-049bc286103a33f7460afed2cf8fd464 main_color avia-section-no-padding avia-no-border-styling  avia-builder-el-3  el_after_av_section  el_before_av_section  av-desktop-hide avia-full-stretch avia-bg-style-fixed av-section-color-overlay-active av-minimum-height av-minimum-height-27  container_wrap fullsize'  data-section-bg-repeat='stretch' data-av_minimum_height_pc='27'><div class=\"av-section-color-overlay-wrap\"><div class=\"av-section-color-overlay\"><\/div><div class='container av-section-cont-open' ><div class='template-page content  av-content-full alpha units'><div class='post-entry post-entry-type-page post-entry-18'><div class='entry-content-wrapper clearfix'>\n\n<style type=\"text\/css\" data-created_by=\"avia_inline_auto\" id=\"style-css-av-16b0a-e160e8d2786054598bba5db03c53e434\">\n.flex_column.av-16b0a-e160e8d2786054598bba5db03c53e434{\n-webkit-transform:scale(1.3);\n-moz-transform:scale(1.3);\n-ms-transform:scale(1.3);\n-o-transform:scale(1.3);\ntransform:scale(1.3);\nz-index:50;\nposition:absolute;\ntop:0px;\nright:0px;\nbottom:0px;\nleft:0px;\nbackground-color:rgba(255,255,255,0.78);\n}\n\n@media only screen and (min-width: 768px) and (max-width: 989px){ \n.flex_column.av-16b0a-e160e8d2786054598bba5db03c53e434{\nposition:absolute;\ntop:60%;\nbottom:-10%;\nz-index:500;\n}\n}\n\n@media only screen and (min-width: 480px) and (max-width: 767px){ \n.flex_column.av-16b0a-e160e8d2786054598bba5db03c53e434{\nposition:absolute;\ntop:60%;\nbottom:-10%;\nz-index:500;\n}\n}\n\n@media only screen and (max-width: 479px){ \n.flex_column.av-16b0a-e160e8d2786054598bba5db03c53e434{\nposition:absolute;\ntop:60%;\nbottom:-10%;\nz-index:500;\n}\n}\n<\/style>\n<div class='flex_column av-16b0a-e160e8d2786054598bba5db03c53e434 av_one_full  avia-builder-el-4  avia-builder-el-no-sibling  first no_margin av-break-at-tablet flex_column_div av-custom-positioned '     ><style type=\"text\/css\" data-created_by=\"avia_inline_auto\" id=\"style-css-av-ljczu6h3-b325644532fc04251bde8d7f9a79be6a\">\n#top .av_textblock_section.av-ljczu6h3-b325644532fc04251bde8d7f9a79be6a .avia_textblock{\ntext-align:center;\n}\n<\/style>\n<section  class='av_textblock_section av-ljczu6h3-b325644532fc04251bde8d7f9a79be6a'  itemscope=\"itemscope\" itemtype=\"https:\/\/schema.org\/CreativeWork\" ><div class='avia_textblock'  itemprop=\"text\" ><h1 class=\"post-title\" style=\"text-align: center;\">Willkommen<\/h1>\n<div class=\"post_content\"><\/div>\n<\/div><\/section><\/div>\n\n<\/div><\/div><\/div><!-- close content main div --><\/div><\/div><\/div>\n<style type=\"text\/css\" data-created_by=\"avia_inline_auto\" id=\"style-css-av-liuovuet-5c3b5809280d32e2935c22e6dcb6d90a\">\n.avia-section.av-liuovuet-5c3b5809280d32e2935c22e6dcb6d90a{\nbackground-color:#ebd7cc;\nbackground-image:unset;\n}\n<\/style>\n<div id='av_section_3'  class='avia-section av-liuovuet-5c3b5809280d32e2935c22e6dcb6d90a main_color avia-section-default avia-no-border-styling  avia-builder-el-6  el_after_av_section  el_before_av_section  avia-bg-style-scroll container_wrap fullsize'  ><div class='container av-section-cont-open' ><div class='template-page content  av-content-full alpha units'><div class='post-entry post-entry-type-page post-entry-18'><div class='entry-content-wrapper clearfix'>\n\n<style type=\"text\/css\" data-created_by=\"avia_inline_auto\" id=\"style-css-av-liuorva8-657f973a57584ff089c1bfef09309b03\">\n.avia-image-container.av-liuorva8-657f973a57584ff089c1bfef09309b03 img.avia_image{\nbox-shadow:none;\n}\n.avia-image-container.av-liuorva8-657f973a57584ff089c1bfef09309b03 .av-image-caption-overlay-center{\ncolor:#ffffff;\n}\n<\/style>\n<div  class='avia-image-container av-liuorva8-657f973a57584ff089c1bfef09309b03 av-styling- avia-align-left  avia-builder-el-7  avia-builder-el-no-sibling '   itemprop=\"image\" itemscope=\"itemscope\" itemtype=\"https:\/\/schema.org\/ImageObject\" ><div class=\"avia-image-container-inner\"><div class=\"avia-image-overlay-wrap\"><img decoding=\"async\" class='wp-image-195 avia-img-lazy-loading-not-195 avia_image ' src=\"https:\/\/www.physiotherapie-weissensee.de\/wp-content\/uploads\/2023\/06\/30jahre_phy.jpg\" alt='' title='30jahre_phy'  height=\"229\" width=\"1102\"  itemprop=\"thumbnailUrl\" srcset=\"https:\/\/www.physiotherapie-weissensee.de\/wp-content\/uploads\/2023\/06\/30jahre_phy.jpg 1102w, https:\/\/www.physiotherapie-weissensee.de\/wp-content\/uploads\/2023\/06\/30jahre_phy-300x62.jpg 300w, https:\/\/www.physiotherapie-weissensee.de\/wp-content\/uploads\/2023\/06\/30jahre_phy-1030x214.jpg 1030w, https:\/\/www.physiotherapie-weissensee.de\/wp-content\/uploads\/2023\/06\/30jahre_phy-768x160.jpg 768w, https:\/\/www.physiotherapie-weissensee.de\/wp-content\/uploads\/2023\/06\/30jahre_phy-705x147.jpg 705w\" sizes=\"(max-width: 1102px) 100vw, 1102px\" \/><\/div><\/div><\/div>\n\n<\/div><\/div><\/div><!-- close content main div --><\/div><\/div>\n<style type=\"text\/css\" data-created_by=\"avia_inline_auto\" id=\"style-css-av-liuou0yg-c649d271dd02aecd1cbf455c70949934\">\n.avia-section.av-liuou0yg-c649d271dd02aecd1cbf455c70949934{\nmargin-top:0px;\nmargin-bottom:0px;\n}\n<\/style>\n<div id='fs_hell'  class='avia-section av-liuou0yg-c649d271dd02aecd1cbf455c70949934 main_color avia-section-default avia-no-border-styling  avia-builder-el-8  el_after_av_section  el_before_av_section  avia-bg-style-scroll container_wrap fullsize'  ><div class='container av-section-cont-open' ><div class='template-page content  av-content-full alpha units'><div class='post-entry post-entry-type-page post-entry-18'><div class='entry-content-wrapper clearfix'>\n\n<style type=\"text\/css\" data-created_by=\"avia_inline_auto\" id=\"style-css-av-liuotepc-cf5d00a741bfc53ae3c3c710b246d203\">\n.flex_column.av-liuotepc-cf5d00a741bfc53ae3c3c710b246d203{\npadding:0 0 0 0;\n}\n<\/style>\n<div class='flex_column av-liuotepc-cf5d00a741bfc53ae3c3c710b246d203 av_one_full  avia-builder-el-9  avia-builder-el-no-sibling  first flex_column_div '     ><section  class='av_textblock_section av-liuhje4e-9464c01b3362731408919d3ede6dd16b'  itemscope=\"itemscope\" itemtype=\"https:\/\/schema.org\/CreativeWork\" ><div class='avia_textblock'  itemprop=\"text\" ><p>Im Herbst 1993 er\u00f6ffneten wir, Andrea Liehr (ehem. Heese) und Heike Priese-Schwarz (ehem. Schwarz), im Berliner Stadtteil Wei\u00dfensee unsere Physiotherapiepraxis.<br \/>\nUnsere Praxis fand seitdem viel Zuspruch und wir sind stolz darauf, einen gro\u00dfen Patientenstamm aufgebaut zu haben.<br \/>\nDurch zahlreiche Weiterbildungsma\u00dfnahmen und gut qualifizierte Mitarbeiter ist es uns gelungen, unser Therapie- und Leistungsangebot kontinuierlich und im gro\u00dfen Umfang auszubauen.<br \/>\nIm Sommer 2009 sind wir mit unserer Praxis von der Bizetstra\u00dfe in die neuen R\u00e4ume am Antonplatz umgezogen. Gleichzeitig erfolgte eine Umstruktierung der Gemeinschaftspraxis in die <strong>Physiotherapie Praxisteam Antonplatz<\/strong>.<\/p>\n<blockquote>\n<p>Unser Praxisteam ist qualifiziert f\u00fcr physiotherapeutische Behandlungen<br \/>\nz. B. nach Unf\u00e4llen, Verletzungen, Operationen<br \/>\nund anderen Erkrankungen des Bewegungsapparates.<\/p>\n<\/blockquote>\n<p>Bewegungsfreudige Menschen k\u00f6nnen bei uns zertifizierte Gesundheitssport-Angebote sowie innovative Gruppensportangebote unter fachlicher Leitung nutzen.<br \/>\n<span class=\"texthervor\">Wir freuen uns, Sie im angenehmen Ambiente begr\u00fc\u00dfen zu d\u00fcrfen.<\/span><\/p>\n<\/div><\/section><\/div>\n\n<\/div><\/div><\/div><!-- close content main div --><\/div><\/div>\n<style type=\"text\/css\" data-created_by=\"avia_inline_auto\" id=\"style-css-av-liup0jho-a02913b651a67dd608287c327db98dd7\">\n.avia-section.av-liup0jho-a02913b651a67dd608287c327db98dd7{\nmargin-top:0px;\nmargin-bottom:0px;\n}\n<\/style>\n<div id='fs_dunkel'  class='avia-section av-liup0jho-a02913b651a67dd608287c327db98dd7 alternate_color avia-section-default avia-no-border-styling  avia-builder-el-11  el_after_av_section  el_before_av_section  avia-bg-style-scroll container_wrap fullsize'  ><div class='container av-section-cont-open' ><div class='template-page content  av-content-full alpha units'><div class='post-entry post-entry-type-page post-entry-18'><div class='entry-content-wrapper clearfix'>\n\n<style type=\"text\/css\" data-created_by=\"avia_inline_auto\" id=\"style-css-av-vup2-4e2c683a7865ef83e8115d5064a7e6d3\">\n#top .av_textblock_section.av-vup2-4e2c683a7865ef83e8115d5064a7e6d3 .avia_textblock{\nfont-size:24px;\n}\n<\/style>\n<section  class='av_textblock_section av-vup2-4e2c683a7865ef83e8115d5064a7e6d3'  itemscope=\"itemscope\" itemtype=\"https:\/\/schema.org\/CreativeWork\" ><div class='avia_textblock'  itemprop=\"text\" ><h3>Unsere Philosophie<\/h3>\n<p>Jeder Patient ist ein <span class=\"texthervor\">Individuum<\/span>,<br \/>\neine Person, die auf unser <span class=\"texthervor\">K\u00f6nnen<\/span> angewiesen ist.<br \/>\nDieser Person sind wir <span class=\"texthervor\">verpflichtet<\/span>.<br \/>\nUnser Ziel ist die F\u00f6rderung gegenseitigen <span class=\"texthervor\">Vertrauens<\/span>,<br \/>\ndamit der Patient uns respektiert und sich uns anvertraut.<\/p>\n<p><span style=\"font-size: medium;\">Quelle: G. D. Maitland, Manipulation der peripheren Gelenke<\/span><\/p>\n<\/div><\/section>\n<div class='flex_column av-v1ga-cc4cee2ff4e1b8d0ec21092cd958c1a2 av_one_half  avia-builder-el-13  el_after_av_textblock  avia-builder-el-last  first flex_column_div column-top-margin'     ><article  class='iconbox iconbox_top av-lj4avsou-1bd0ecd731ef0876050ccb18db8988f6  avia-builder-el-14  avia-builder-el-no-sibling  main_color'  itemscope=\"itemscope\" itemtype=\"https:\/\/schema.org\/CreativeWork\" ><div class=\"iconbox_content\"><header class=\"entry-content-header\"><div class=\"iconbox_icon heading-color\" aria-hidden='true' data-av_icon='\ue806' data-av_iconfont='entypo-fontello'><\/div><h3 class='iconbox_content_title '  itemprop=\"headline\" >F\u00fcr Ihre Gesundheit sind wir da!<\/h3><\/header><div class='iconbox_content_container '  itemprop=\"text\" ><\/div><\/div><footer class=\"entry-footer\"><\/footer><\/article><\/div>\n\n<\/div><\/div><\/div><!-- close content main div --><\/div><\/div>\n<style type=\"text\/css\" data-created_by=\"avia_inline_auto\" id=\"style-css-av-36ali-78293a014e549e15b802f4da456662a9\">\n.avia-section.av-36ali-78293a014e549e15b802f4da456662a9{\nbackground-color:#ebd7cc;\nbackground-image:unset;\n}\n<\/style>\n<div id='av_section_6'  class='avia-section av-36ali-78293a014e549e15b802f4da456662a9 footer_color avia-section-default avia-no-border-styling  avia-builder-el-15  el_after_av_section  avia-builder-el-last  avia-bg-style-scroll container_wrap fullsize'  ><div class='container av-section-cont-open' ><div class='template-page content  av-content-full alpha units'><div class='post-entry post-entry-type-page post-entry-18'><div class='entry-content-wrapper clearfix'>\n<div class='flex_column av-2qnxy-abd1b7dd89c9ac731dac06c39bc77675 av_two_third  avia-builder-el-16  el_before_av_one_third  avia-builder-el-first  first flex_column_div '     ><section  class='av_textblock_section av-20xpi-22a88690760cff3ff5a47d29b3567f52'  itemscope=\"itemscope\" itemtype=\"https:\/\/schema.org\/CreativeWork\" ><div class='avia_textblock'  itemprop=\"text\" ><h2>Stellenangebot<\/h2>\n<blockquote>\n<p><strong><span style=\"font-weight: 400;\">Liebe <\/span>Physios<span style=\"font-weight: 400;\">, <\/span><\/strong><strong style=\"font-weight: 400;\">wir freuen uns auf Verst\u00e4rkung<br \/>\nin unserem Team <\/strong><strong style=\"font-weight: 400;\">zum baldigen oder sp\u00e4teren<\/strong> <strong style=\"font-weight: 400;\">Zeitpunkt.<\/strong><\/p>\n<\/blockquote>\n<\/div><\/section><\/div><div class='flex_column av-1ikli-b5580d2bf704b1d6e8b1c2868c31803f av_one_third  avia-builder-el-18  el_after_av_two_third  avia-builder-el-last  flex_column_div '     ><div  class='avia-button-wrap av-150k2-27c3fe3bb14c3a9ba41fde9b9a894f63-wrap avia-button-left  avia-builder-el-19  avia-builder-el-no-sibling '>\n<style type=\"text\/css\" data-created_by=\"avia_inline_auto\" id=\"style-css-av-150k2-27c3fe3bb14c3a9ba41fde9b9a894f63\">\n#top #wrap_all .avia-button.av-150k2-27c3fe3bb14c3a9ba41fde9b9a894f63{\nfont-size:20px;\n-webkit-transition:all 0.4s ease-in-out;\n-moz-transition:all 0.4s ease-in-out;\n-ms-transition:all 0.4s ease-in-out;\n-o-transition:all 0.4s ease-in-out;\ntransition:all 0.4s ease-in-out;\n}\n<\/style>\n<a href='https:\/\/www.physiotherapie-weissensee.de\/?page_id=808'  class='avia-button av-150k2-27c3fe3bb14c3a9ba41fde9b9a894f63 avia-icon_select-yes-right-icon avia-size-x-large avia-position-left avia-color-theme-color'  ><span class='avia_iconbox_title' >Hier gehts zur Stellenbeschreibung<\/span><span class='avia_button_icon avia_button_icon_right' aria-hidden='true' data-av_icon='\ue897' data-av_iconfont='entypo-fontello'><\/span><\/a><\/div><\/div>\n","protected":false},"excerpt":{"rendered":"","protected":false},"author":1,"featured_media":0,"parent":0,"menu_order":11,"comment_status":"closed","ping_status":"closed","template":"","meta":{"footnotes":""},"class_list":["post-18","page","type-page","status-publish","hentry"],"_links":{"self":[{"href":"https:\/\/www.physiotherapie-weissensee.de\/index.php?rest_route=\/wp\/v2\/pages\/18","targetHints":{"allow":["GET"]}}],"collection":[{"href":"https:\/\/www.physiotherapie-weissensee.de\/index.php?rest_route=\/wp\/v2\/pages"}],"about":[{"href":"https:\/\/www.physiotherapie-weissensee.de\/index.php?rest_route=\/wp\/v2\/types\/page"}],"author":[{"embeddable":true,"href":"https:\/\/www.physiotherapie-weissensee.de\/index.php?rest_route=\/wp\/v2\/users\/1"}],"replies":[{"embeddable":true,"href":"https:\/\/www.physiotherapie-weissensee.de\/index.php?rest_route=%2Fwp%2Fv2%2Fcomments&post=18"}],"version-history":[{"count":95,"href":"https:\/\/www.physiotherapie-weissensee.de\/index.php?rest_route=\/wp\/v2\/pages\/18\/revisions"}],"predecessor-version":[{"id":972,"href":"https:\/\/www.physiotherapie-weissensee.de\/index.php?rest_route=\/wp\/v2\/pages\/18\/revisions\/972"}],"wp:attachment":[{"href":"https:\/\/www.physiotherapie-weissensee.de\/index.php?rest_route=%2Fwp%2Fv2%2Fmedia&parent=18"}],"curies":[{"name":"wp","href":"https:\/\/api.w.org\/{rel}","templated":true}]}}