{"id":481,"date":"2023-06-23T17:50:02","date_gmt":"2023-06-23T17:50:02","guid":{"rendered":"https:\/\/wpworkphy.belalumo.de\/?page_id=481"},"modified":"2025-06-13T08:40:23","modified_gmt":"2025-06-13T08:40:23","slug":"zusatzangebote-2","status":"publish","type":"page","link":"https:\/\/www.physiotherapie-weissensee.de\/?page_id=481","title":{"rendered":"Zusatzangebote"},"content":{"rendered":"\n<style type=\"text\/css\" data-created_by=\"avia_inline_auto\" id=\"style-css-av-ljd04s1p-4de2664b2cdb30f34b72999bfb40df49\">\n.avia-section.av-ljd04s1p-4de2664b2cdb30f34b72999bfb40df49 .av-parallax .av-parallax-inner{\nbackground-repeat:no-repeat;\nbackground-image:url(https:\/\/www.physiotherapie-weissensee.de\/wp-content\/uploads\/2023\/06\/kat_zsa2.jpg);\nbackground-position:50% 50%;\nbackground-attachment:scroll;\n}\n<\/style>\n<div id='id_seitentitel'  class='avia-section av-ljd04s1p-4de2664b2cdb30f34b72999bfb40df49 main_color avia-section-no-padding avia-no-border-styling  avia-builder-el-0  el_before_av_section  avia-builder-el-first  av-medium-hide av-small-hide av-mini-hide avia-full-stretch av-parallax-section avia-bg-style-parallax av-minimum-height av-minimum-height-custom  container_wrap fullsize'  data-section-bg-repeat='stretch' data-av_minimum_height_px='300'><div class='av-parallax' data-avia-parallax-ratio='0.3' ><div class='av-parallax-inner main_color avia-full-stretch'><\/div><\/div><div class='container av-section-cont-open' style='height:300px'><main  role=\"main\" itemprop=\"mainContentOfPage\"  class='template-page content  av-content-full alpha units'><div class='post-entry post-entry-type-page post-entry-481'><div class='entry-content-wrapper clearfix'><div class='flex_column_table av-d8dah-24ff0b000de1ff0e8f9dc4c94ccef1cc sc-av_one_full av-equal-height-column-flextable'>\n<style type=\"text\/css\" data-created_by=\"avia_inline_auto\" id=\"style-css-av-d8dah-24ff0b000de1ff0e8f9dc4c94ccef1cc\">\n#top .flex_column_table.av-equal-height-column-flextable.av-d8dah-24ff0b000de1ff0e8f9dc4c94ccef1cc{\nmargin-bottom:0px;\n}\n.flex_column.av-d8dah-24ff0b000de1ff0e8f9dc4c94ccef1cc{\n-webkit-transform:scale(1.5);\n-moz-transform:scale(1.5);\n-ms-transform:scale(1.5);\n-o-transform:scale(1.5);\ntransform:scale(1.5);\nz-index:5;\nposition:absolute;\nbottom:0px;\npadding:0 0 0 16%;\nbackground-color:rgba(255,255,255,0.48);\n}\n\n@media only screen and (min-width: 768px) and (max-width: 989px){ \n#top .flex_column_table.av-equal-height-column-flextable.av-d8dah-24ff0b000de1ff0e8f9dc4c94ccef1cc{\nmargin-top:50px;\nmargin-bottom:0;\n}\n}\n\n@media only screen and (min-width: 480px) and (max-width: 767px){ \n#top .flex_column_table.av-equal-height-column-flextable.av-d8dah-24ff0b000de1ff0e8f9dc4c94ccef1cc{\nmargin-top:50px;\nmargin-bottom:0;\n}\n}\n\n@media only screen and (max-width: 479px){ \n#top .flex_column_table.av-equal-height-column-flextable.av-d8dah-24ff0b000de1ff0e8f9dc4c94ccef1cc{\nmargin-top:50px;\n}\n}\n<\/style>\n<div class='flex_column av-d8dah-24ff0b000de1ff0e8f9dc4c94ccef1cc av_one_full  avia-builder-el-1  avia-builder-el-no-sibling  first flex_column_table_cell av-equal-height-column av-align-bottom av-custom-positioned '     ><section  class='av_textblock_section av-ljd03wvl-43300d4ca06b40796c887ccecaa297eb'  itemscope=\"itemscope\" itemtype=\"https:\/\/schema.org\/CreativeWork\" ><div class='avia_textblock'  itemprop=\"text\" ><h1 class=\"post-title\">Zusatzangebote<\/h1>\n<div class=\"post_content\">\u00a0<\/div>\n<\/div><\/section><\/div><\/div><!--close column table wrapper. Autoclose: 1 -->\n<\/div><\/div><\/main><!-- close content main element --><\/div><\/div>\n<style type=\"text\/css\" data-created_by=\"avia_inline_auto\" id=\"style-css-av-ljd054rm-e029295c51095821701b367a2e5e1c44\">\n.avia-section.av-ljd054rm-e029295c51095821701b367a2e5e1c44{\nbackground-color:#ffffff;\nbackground-image:url(https:\/\/www.physiotherapie-weissensee.de\/wp-content\/uploads\/2023\/06\/kat_zsa2.jpg);\nbackground-repeat:no-repeat;\nbackground-position:50% 50%;\nbackground-attachment:fixed;\nmargin-top:0px;\nmargin-bottom:0px;\n}\n.avia-section.av-ljd054rm-e029295c51095821701b367a2e5e1c44 .av-section-color-overlay{\nopacity:0.5;\n}\n\n@media only screen and (min-width: 768px) and (max-width: 989px){ \n.avia-section.av-ljd054rm-e029295c51095821701b367a2e5e1c44{\nmargin-top:0;\nmargin-bottom:0;\n}\n}\n\n@media only screen and (min-width: 480px) and (max-width: 767px){ \n.avia-section.av-ljd054rm-e029295c51095821701b367a2e5e1c44{\nmargin-top:0;\nmargin-bottom:0;\n}\n}\n\n@media only screen and (max-width: 479px){ \n.avia-section.av-ljd054rm-e029295c51095821701b367a2e5e1c44{\nmargin-top:0;\nmargin-bottom:0;\n}\n}\n<\/style>\n<div id='id_seitentitel_mobil'  class='avia-section av-ljd054rm-e029295c51095821701b367a2e5e1c44 main_color avia-section-no-padding avia-no-border-styling  avia-builder-el-3  el_after_av_section  el_before_av_section  av-desktop-hide avia-full-stretch avia-bg-style-fixed av-section-color-overlay-active av-minimum-height av-minimum-height-27  container_wrap fullsize'  data-section-bg-repeat='stretch' data-av_minimum_height_pc='27'><div class=\"av-section-color-overlay-wrap\"><div class=\"av-section-color-overlay\"><\/div><div class='container av-section-cont-open' ><div class='template-page content  av-content-full alpha units'><div class='post-entry post-entry-type-page post-entry-481'><div class='entry-content-wrapper clearfix'>\n<style type=\"text\/css\" data-created_by=\"avia_inline_auto\" id=\"style-css-av-b1g8p-4fdcbdebf4c1389a46ba58b1d26fec28\">\n.flex_column.av-b1g8p-4fdcbdebf4c1389a46ba58b1d26fec28{\n-webkit-transform:scale(1.3);\n-moz-transform:scale(1.3);\n-ms-transform:scale(1.3);\n-o-transform:scale(1.3);\ntransform:scale(1.3);\nz-index:50;\nposition:absolute;\ntop:0px;\nright:0px;\nbottom:0px;\nleft:0px;\nbackground-color:rgba(255,255,255,0.78);\n}\n\n@media only screen and (min-width: 768px) and (max-width: 989px){ \n.flex_column.av-b1g8p-4fdcbdebf4c1389a46ba58b1d26fec28{\nposition:absolute;\ntop:60%;\nbottom:-10%;\nz-index:500;\n}\n}\n\n@media only screen and (min-width: 480px) and (max-width: 767px){ \n.flex_column.av-b1g8p-4fdcbdebf4c1389a46ba58b1d26fec28{\nposition:absolute;\ntop:60%;\nbottom:-10%;\nz-index:500;\n}\n}\n\n@media only screen and (max-width: 479px){ \n.flex_column.av-b1g8p-4fdcbdebf4c1389a46ba58b1d26fec28{\nposition:absolute;\ntop:60%;\nbottom:-10%;\nz-index:500;\n}\n}\n<\/style>\n<div class='flex_column av-b1g8p-4fdcbdebf4c1389a46ba58b1d26fec28 av_one_full  avia-builder-el-4  avia-builder-el-no-sibling  first no_margin av-break-at-tablet flex_column_div av-custom-positioned '     ><style type=\"text\/css\" data-created_by=\"avia_inline_auto\" id=\"style-css-av-ljd045fy-ac5d89006e9d271f9d0dbb55fd526b86\">\n#top .av_textblock_section.av-ljd045fy-ac5d89006e9d271f9d0dbb55fd526b86 .avia_textblock{\ntext-align:center;\n}\n<\/style>\n<section  class='av_textblock_section av-ljd045fy-ac5d89006e9d271f9d0dbb55fd526b86'  itemscope=\"itemscope\" itemtype=\"https:\/\/schema.org\/CreativeWork\" ><div class='avia_textblock'  itemprop=\"text\" ><h1 class=\"post-title\" style=\"text-align: center;\">Zusatzangebote<\/h1>\n<div class=\"post_content\">\u00a0<\/div>\n<\/div><\/section><\/div>\n<\/div><\/div><\/div><!-- close content main div --><\/div><\/div><\/div><div id='av_section_3'  class='avia-section av-lj5d8p70-10449613013e2952430e0124240cf8b4 header_color avia-section-default avia-no-border-styling  avia-builder-el-6  el_after_av_section  el_before_av_section  avia-bg-style-scroll container_wrap fullsize'  ><div class='container av-section-cont-open' ><div class='template-page content  av-content-full alpha units'><div class='post-entry post-entry-type-page post-entry-481'><div class='entry-content-wrapper clearfix'><div  class='avia-builder-widget-area clearfix  avia-builder-el-7  avia-builder-el-no-sibling '><div id=\"nav_menu-4\" class=\"widget clearfix widget_nav_menu\"><div class=\"menu-zusatz-container\"><ul id=\"menu-zusatz\" class=\"menu\"><li id=\"menu-item-641\" class=\"menu-item menu-item-type-custom menu-item-object-custom menu-item-641\"><a href=\"?page_id=481#id_mar\">Marnitz-Therapie<\/a><\/li>\n<li id=\"menu-item-642\" class=\"menu-item menu-item-type-custom menu-item-object-custom menu-item-642\"><a href=\"?page_id=481#id_frzm\">Fu\u00dfreflexzonentherapie<\/a><\/li>\n<li id=\"menu-item-643\" class=\"menu-item menu-item-type-custom menu-item-object-custom menu-item-643\"><a href=\"?page_id=481#id_kt\">Kinesio Taping<\/a><\/li>\n<li id=\"menu-item-644\" class=\"menu-item menu-item-type-custom menu-item-object-custom menu-item-644\"><a href=\"?page_id=481#id_shp\">Sektorale Heipraxis (Physiotherapie)<\/a><\/li>\n<\/ul><\/div><\/div><\/div>\n<\/div><\/div><\/div><!-- close content main div --><\/div><\/div>\n<style type=\"text\/css\" data-created_by=\"avia_inline_auto\" id=\"style-css-av-ljdztdhd-e2a255b7c561b233fc101f5d23d3611e\">\n.avia-section.av-ljdztdhd-e2a255b7c561b233fc101f5d23d3611e{\nbackground-color:#f8f8f8;\nbackground-image:unset;\nmargin-top:0px;\nmargin-bottom:0px;\n}\n<\/style>\n<div id='id_mar'  class='avia-section av-ljdztdhd-e2a255b7c561b233fc101f5d23d3611e alternate_color avia-section-default avia-no-border-styling  avia-builder-el-8  el_after_av_section  el_before_av_section  avia-bg-style-scroll container_wrap fullsize'  ><div class='container av-section-cont-open' ><div class='template-page content  av-content-full alpha units'><div class='post-entry post-entry-type-page post-entry-481'><div class='entry-content-wrapper clearfix'>\n<style type=\"text\/css\" data-created_by=\"avia_inline_auto\" id=\"style-css-av-qocwh-06dbe6bb068c9014756c029abacdbaf9\">\n.flex_column.av-qocwh-06dbe6bb068c9014756c029abacdbaf9{\npadding:0 0 0 0;\n}\n<\/style>\n<div class='flex_column av-qocwh-06dbe6bb068c9014756c029abacdbaf9 av_one_full  avia-builder-el-9  avia-builder-el-no-sibling  first flex_column_div '     ><section  class='av_textblock_section av-ljdzt2ak-6a4896fc51c635136dc711cd4874df79'  itemscope=\"itemscope\" itemtype=\"https:\/\/schema.org\/CreativeWork\" ><div class='avia_textblock'  itemprop=\"text\" ><h2>Marnitz-Therapie<\/h2>\n<p>Die Schl\u00fcsselzonenmassage nach Dr. Harry Marnitz ist eine gezielte Tiefenmassage an Muskulatur, Sehnen, B\u00e4ndern und Gelenken zur Behandlung akuter und chronischer Schmerzzust\u00e4nde im Haltungs- und Bewegungsapparat.<br \/>Der Behandlungsaufbau orientiert sich dabei an typischen reflektorischen Ver\u00e4nderungen (sog. Schl\u00fcsselzonen) in der Peripherie.<br \/>Diese zeigen sich beispielsweise in schmerzhaften Ver\u00e4nderungen in der Wadenmuskulatur bei urspr\u00fcnglichen Beschwerden im Lendenbereich.<\/p>\n<p>Zielsetzung der Therapie ist es, \u00fcber die Behandlung der peripheren Schl\u00fcsselzonen die Wirksamkeit und Nachhaltigkeit der Therapie zu verbessern und R\u00fcckf\u00e4lle zu vermeiden.<\/p>\n<p>Durch die speziellen Grifftechniken, welche eine Reibung der Haut und Unterhaut und die damit verbundene Mehrdurchblutung vermeiden, eignet sich diese Therapieform auch f\u00fcr Patienten mit Lymph\u00f6demen oder in Kombination mit manueller Lymphdrainage.<br \/>Bei diesen Patienten ist die klassische Massage eine Kontraindikation, die Marnitz-Therapie aufgrund seiner speziellen Grifftechniken eine Alternative in der Behandlung von Schmerzzust\u00e4nden im Bewegungsapparat.<\/p>\n<\/div><\/section><\/div>\n<\/div><\/div><\/div><!-- close content main div --><\/div><\/div>\n<style type=\"text\/css\" data-created_by=\"avia_inline_auto\" id=\"style-css-av-ljdzu24y-772e29402afa625592ce939920be7ec4\">\n.avia-section.av-ljdzu24y-772e29402afa625592ce939920be7ec4{\nbackground-color:#f0edec;\nbackground-image:unset;\nmargin-top:0px;\nmargin-bottom:0px;\n}\n<\/style>\n<div id='id_frzm'  class='avia-section av-ljdzu24y-772e29402afa625592ce939920be7ec4 main_color avia-section-default avia-no-border-styling  avia-builder-el-11  el_after_av_section  el_before_av_section  avia-bg-style-scroll container_wrap fullsize'  ><div class='container av-section-cont-open' ><div class='template-page content  av-content-full alpha units'><div class='post-entry post-entry-type-page post-entry-481'><div class='entry-content-wrapper clearfix'><div class='flex_column av-jqwyp-0a571989149b131addfa0edcb0a31d06 av_one_full  avia-builder-el-12  avia-builder-el-no-sibling  first flex_column_div '     ><section  class='av_textblock_section av-ljdzut86-0db61a8293b7f0d67e62ff3a3369c511'  itemscope=\"itemscope\" itemtype=\"https:\/\/schema.org\/CreativeWork\" ><div class='avia_textblock'  itemprop=\"text\" ><h2>Fu\u00dfreflexzonentherapie<\/h2>\n<p>Die Therapieform der Fu\u00dfreflexzonentherapie, auch Reflexzonenmassage oder Fu\u00dfreflexzonenmassage genannt, hat ihren Ursprung in der \u00fcberlieferten Volksmedizin der amerikanischen Indianer und des alten China.<\/p>\n<p>Es ist dem US-Arzt und Naturheiler Dr. Fitzgerald zu verdanken, dass diese inzwischen auch wissenschaftlich anerkannte nat\u00fcrliche Heilmethode immer weiter entwickelt wird. Der amerikanische Arzt fand heraus, dass der Mensch aus 10 reflektorischen L\u00e4ngsschnitten besteht, die alle Reflexpunkte in den F\u00fc\u00dfen haben. So ist die Fu\u00dfsohle \u00e4hnlich wie eine Landkarte aufgeteilt, wobei jedes Gebiet dieser Karte reflektorisch auf einen bestimmten K\u00f6rperteil oder ein Organ wirkt. So kann der Therapeut \u00fcber das entsprechende Segment sowohl anregend als auch beruhigend auf das jeweilige Organ oder den krankhaft ver\u00e4nderten K\u00f6rperteil einwirken.<\/p>\n<p>Als Grund\u00fcberlegung geht man davon aus, dass von den Reflexzonen bestimmte Nervenimpulse zum Gehirn geschickt werden und dort in das jeweils zust\u00e4ndige Areal des der Reflexzone zugeordneten Organs gelangen. Von dort aus wird dann die Wirkung an die entsprechenden Organe und K\u00f6rperteile weitergeleitet.<\/p>\n<p>Mit bestimmten Massagegriffen kann nun der Behandelnde \u00fcber die Fu\u00dfsohlen Schmerzen lindern, Organe zur T\u00e4tigkeit anregen oder beruhigen und die Durchblutung f\u00f6rdern. Da die Reflexzonentherapie eine \u201eOrdnungstherapie\u201c ist, wird beim Menschen die durch Krankheit gest\u00f6rte Energie wieder zum normalen Flie\u00dfen gebracht. Die Selbstheilungskr\u00e4fte werden aktiviert, die Organe gekr\u00e4ftigt und ihr Zusammenwirken harmonisiert. Auch in dieser Therapieform wird der Mensch ganzheitlich behandelt und nicht nur einzelne Symptome.<\/p>\n<p>Die Reflexzonenmassage kann sowohl als eigenst\u00e4ndige Therapie eingesetzt werden, als auch unterst\u00fctzend zu anderen therapeutischen Ma\u00dfnahmen.<\/p>\n<h4>Weiterentwicklung der Fu\u00dfreflexzonentherapie- Lymphreflexzonentherapie<\/h4>\n<p>Durch die Behandlung der Lymphreflexzonen am Fu\u00df wird der lymphatische Abfluss im K\u00f6rpergewebe angeregt. Wie bei der generellen Wirkung der Fu\u00dfreflexzonentherapie werden die Selbstheilungskr\u00e4fte aktiviert sowie die Entschlackung und Entgiftung des K\u00f6rpers gef\u00f6rdert.<\/p>\n<\/div><\/section><\/div>\n<\/div><\/div><\/div><!-- close content main div --><\/div><\/div>\n<style type=\"text\/css\" data-created_by=\"avia_inline_auto\" id=\"style-css-av-ljdzvei8-2c8e7fbf5a00944e62461abdbd2ad22c\">\n.avia-section.av-ljdzvei8-2c8e7fbf5a00944e62461abdbd2ad22c{\nbackground-color:#f8f8f8;\nbackground-image:unset;\nmargin-top:0px;\nmargin-bottom:0px;\n}\n<\/style>\n<div id='id_kt'  class='avia-section av-ljdzvei8-2c8e7fbf5a00944e62461abdbd2ad22c alternate_color avia-section-default avia-no-border-styling  avia-builder-el-14  el_after_av_section  el_before_av_section  avia-bg-style-scroll container_wrap fullsize'  ><div class='container av-section-cont-open' ><div class='template-page content  av-content-full alpha units'><div class='post-entry post-entry-type-page post-entry-481'><div class='entry-content-wrapper clearfix'>\n<style type=\"text\/css\" data-created_by=\"avia_inline_auto\" id=\"style-css-av-hrox5-eb9c3d55ae53465d76d6fcb7803a37f8\">\n.flex_column.av-hrox5-eb9c3d55ae53465d76d6fcb7803a37f8{\npadding:0 0 0 0;\n}\n<\/style>\n<div class='flex_column av-hrox5-eb9c3d55ae53465d76d6fcb7803a37f8 av_one_full  avia-builder-el-15  avia-builder-el-no-sibling  first flex_column_div '     ><section  class='av_textblock_section av-ljdzwqdo-c506b2d21b9f9fac35702dc44717eac3'  itemscope=\"itemscope\" itemtype=\"https:\/\/schema.org\/CreativeWork\" ><div class='avia_textblock'  itemprop=\"text\" ><h2>Kinesio Taping<\/h2>\n<p>Vor rund 30 Jahren entwickelte der japanische Chiropraktiker Kenzo Kase ein spezielles Pflaster: hochelastisch, atmungsaktiv und hautfreundlich.<\/p>\n<p>Das Tape ist auf einer hochwertigen Baumwollbasis hergestellt und klebt durch eine Acrylatbeschichtung, d.h. das Tape klebt mit K\u00f6rperw\u00e4rme und nicht mit Klebstoff. Kinesio-Tapes sind wasserbest\u00e4ndig und absolut wirkstofffrei. Verschiedene Einf\u00e4rbungen wirken gem\u00e4\u00df der Farbenpsychologie. Blaue Tapes wirken z.B. k\u00fchlend und entz\u00fcndungshemmend, rote Tapes haben einen w\u00e4rmenden Charakter und wirken positiv bei Muskelverspannungen.<\/p>\n<h4>Wie funktionieren diese Tapes?<\/h4>\n<p>Wie eine zweite Haut dehnt sich das Tape und zieht sich wieder zusammen, ohne die Bewegungsfreiheit einzuschr\u00e4nken.<br \/>Durch jegliche Art von Bewegung werden Hautrezeptoren gereizt und der k\u00f6rpereigene Selbstheilungsprozess kann aktiviert werden. \u00dcber die Verbesserung der Mikrozirkulation (d.h. gesteigerter Blut- und Lymphabfluss im betroffenen Gewebe) kann eine Schmerzlinderung und damit eine Funktionsverbesserung erreicht werden. Es kommt zu einem verbesserten Bewegungsgef\u00fchl und zu optimierten Bewegungsabl\u00e4ufen, was sich wiederum positiv auf wom\u00f6glich erh\u00f6hte Muskelspannung auswirkt.<br \/>Kinesio-Taping ist nicht zur Ruhigstellung von Gelenken gedacht. Es ist das Ziel, die volle Bewegungsfreiheit von Haut, Gelenken und Muskulatur zu erhalten und zu verbessern.<\/p>\n<h4>Wann kann getapt werden?<\/h4>\n<p>\u2013 s\u00e4mtliche Verletzungen aus Sport und Freizeit, z.B. Muskel-\/Band-\/Kapselverletzungen<br \/>\u2013 Instabilit\u00e4ten, Arthrose<br \/>\u2013 \u00dcberlastungssyndrome z.B. Sehnenscheidenentz\u00fcndungen, Tennis-Ellbogen, Achillessehnen-Reizungen, Fersensporn, Patellaspitzensyndrom<br \/>\u2013 R\u00fcckenschmerzen z.B. Schulter-Nacken-Problematiken, Hexenschuss\/Lumbago<\/p>\n<h4>Wann darf nicht getapt werden?<\/h4>\n<p>\u2013 b\u00f6sartige Tumore im Behandlungsgebiet<br \/>\u2013 Bestrahlung\/Chemotherapie<br \/>\u2013 akute\/chronische Hauterkrankungen, auch Hautreizungen z.B. Sonnenbrand<br \/>\u2013 Gef\u00e4\u00dferkrankungen z.B. frische Thrombosen<br \/>\u2013 regelm\u00e4\u00dfige Cortison-Einnahme<\/p>\n<\/div><\/section><\/div>\n<\/div><\/div><\/div><!-- close content main div --><\/div><\/div>\n<style type=\"text\/css\" data-created_by=\"avia_inline_auto\" id=\"style-css-av-lje00xkp-f4762c78368fbd91287fffd4effbb1f6\">\n.avia-section.av-lje00xkp-f4762c78368fbd91287fffd4effbb1f6{\nbackground-color:#f0edec;\nbackground-image:unset;\nmargin-top:0px;\nmargin-bottom:0px;\n}\n<\/style>\n<div id='id_shp'  class='avia-section av-lje00xkp-f4762c78368fbd91287fffd4effbb1f6 main_color avia-section-default avia-no-border-styling  avia-builder-el-17  el_after_av_section  el_before_av_section  avia-bg-style-scroll container_wrap fullsize'  ><div class='container av-section-cont-open' ><div class='template-page content  av-content-full alpha units'><div class='post-entry post-entry-type-page post-entry-481'><div class='entry-content-wrapper clearfix'><div class='flex_column av-7k5ft-07cb660a6655b0141faaddc90006feeb av_one_full  avia-builder-el-18  avia-builder-el-no-sibling  first flex_column_div '     ><section  class='av_textblock_section av-lje00h4b-942b3af2b971e1bbae16a8c667f81652'  itemscope=\"itemscope\" itemtype=\"https:\/\/schema.org\/CreativeWork\" ><div class='avia_textblock'  itemprop=\"text\" ><h2>Sektorale Heipraxis auf dem Gebiet der Physiotherapie<\/h2>\n<p><img loading=\"lazy\" decoding=\"async\" class=\"alignright wp-image-640\" src=\"https:\/\/wpworkphy.belalumo.de\/wp-content\/uploads\/2023\/06\/shp.jpg\" alt=\"\" width=\"500\" height=\"333\" srcset=\"https:\/\/www.physiotherapie-weissensee.de\/wp-content\/uploads\/2023\/06\/shp.jpg 768w, https:\/\/www.physiotherapie-weissensee.de\/wp-content\/uploads\/2023\/06\/shp-300x200.jpg 300w, https:\/\/www.physiotherapie-weissensee.de\/wp-content\/uploads\/2023\/06\/shp-705x470.jpg 705w\" sizes=\"auto, (max-width: 500px) 100vw, 500px\" \/>Der Beruf \u201ePhysiotherapeut\u201c ist ein sog. \u201eGesundheitsfachberuf\u201c. Nach aktueller Gesetzeslage ist der Physiotherapeut nur dann zur Krankenbehandlung befugt, wenn eine \u00e4rztliche Verordnung vorliegt.<br \/>Durch eine Grundsatzentscheidung des Bundesverwaltungsgerichtes in Leipzig im August 2009 wurde f\u00fcr Physiotherapeuten der Weg geebnet, die Heilkunde, beschr\u00e4nkt auf dem Gebiet der Physiotherapie, auszu\u00fcben. Dazu bedarf es einer Pr\u00fcfung und Erlaubnis durch das Gesundheitsamt. Die sektorale Heilpraktiker-Erlaubnis, beschr\u00e4nkt auf dem Gebiet der Physiotherapie, wurde unseren Mitarbeitern Fr. Heike Priese-Schwarz, Fr. Andrea Liehr (ehem. Heese) und Hr. Thomas H\u00e4usler erteilt.<br \/>Das bedeutet, dass wir nun auch eigenverantwortlich (ohne Vorliegen einer \u00e4rztlichen Verordnung) im Rahmen unseres Fachbereiches physiotherapeutische Leistungen verordnen d\u00fcrfen, auf deren Grundlage alle Mitarbeiter unserer Praxis behandeln k\u00f6nnen.<\/p>\n<p>Diese Leistungen sind jedoch Selbstzahlerleistungen. Im Rahmen von privaten Zusatzversicherungen sowie privaten Krankenversicherungen ist eine teilweise oder volle Kostenerstattung (je nach versichertem Tarif) m\u00f6glich.<\/p>\n<\/div><\/section><br \/>\n<section  class='av_textblock_section av-lje02ez8-52388606d06ee2634a0b6e09ed1e11fa'  itemscope=\"itemscope\" itemtype=\"https:\/\/schema.org\/CreativeWork\" ><div class='avia_textblock'  itemprop=\"text\" ><h4>Zum Ablauf der Physio-HP-Leistungen:<\/h4>\n<p>\u2013 Ausf\u00fchrlicher Befund bzw. Wiederbefund und Beratung durch den Physiotherapeuten<br \/>\u2013 Erstellen einer physiotherapeutischen Diagnose und Verordnung physiotherapeutischer Leistungen<br \/>\u2013 Abschluss eines Behandlungsvertrages<br \/>\u2013 Verabreichung der vereinbarten Leistungen durch unsere Praxismitarbeiter<br \/>\u2013 Private Rechnungslegung<br \/>F\u00fcr weitere Fragen wenden Sie sich bitte an unsere Praxismitarbeiter!<\/p>\n<\/div><\/section><\/p><\/div>\n<\/div><\/div><\/div><!-- close content main div --><\/div><\/div>\n<style type=\"text\/css\" data-created_by=\"avia_inline_auto\" id=\"style-css-av-av_section-5b3564dcc3794a3d53247308e57ddbdd\">\n.avia-section.av-av_section-5b3564dcc3794a3d53247308e57ddbdd{\nbackground-color:#ebd7cc;\nbackground-image:unset;\n}\n<\/style>\n<div id='av_section_8'  class='avia-section av-av_section-5b3564dcc3794a3d53247308e57ddbdd footer_color avia-section-default avia-no-border-styling  avia-builder-el-21  el_after_av_section  avia-builder-el-last  avia-bg-style-scroll container_wrap fullsize'  ><div class='container av-section-cont-open' ><div class='template-page content  av-content-full alpha units'><div class='post-entry post-entry-type-page post-entry-481'><div class='entry-content-wrapper clearfix'><div class='flex_column av-av_two_third-7714eba142aeda1f8b5272a3c372b279 av_two_third  avia-builder-el-22  el_before_av_one_third  avia-builder-el-first  first flex_column_div '     ><section  class='av_textblock_section av-av_textblock-7a1af7d8f9790576b1769c0a9f0449ed'  itemscope=\"itemscope\" itemtype=\"https:\/\/schema.org\/CreativeWork\" ><div class='avia_textblock'  itemprop=\"text\" ><h2>Stellenangebot<\/h2>\n<blockquote>\n<p style=\"font-weight: 400;\"><strong>Liebe Servicekr\u00e4fte bzw. medizinische Fachangestellte, <\/strong><strong>wir freuen uns auf Verst\u00e4rkung<br \/>in unserem Team <\/strong><strong>zum baldigen oder sp\u00e4teren<\/strong> <strong>Zeitpunkt.<\/strong><\/p>\n<\/blockquote>\n<\/div><\/section><\/div><div class='flex_column av-av_one_third-f1c518e9ff58e869f80c8f093487abc9 av_one_third  avia-builder-el-24  el_after_av_two_third  avia-builder-el-last  flex_column_div '     ><div  class='avia-button-wrap av-av_button-a236eef4417d5e8fe4ee9d4d53f17eb8-wrap avia-button-left  avia-builder-el-25  avia-builder-el-no-sibling '>\n<style type=\"text\/css\" data-created_by=\"avia_inline_auto\" id=\"style-css-av-av_button-a236eef4417d5e8fe4ee9d4d53f17eb8\">\n#top #wrap_all .avia-button.av-av_button-a236eef4417d5e8fe4ee9d4d53f17eb8{\nfont-size:20px;\n-webkit-transition:all 0.4s ease-in-out;\n-moz-transition:all 0.4s ease-in-out;\n-ms-transition:all 0.4s ease-in-out;\n-o-transition:all 0.4s ease-in-out;\ntransition:all 0.4s ease-in-out;\n}\n<\/style>\n<a href='https:\/\/www.physiotherapie-weissensee.de\/?page_id=808'  class='avia-button av-av_button-a236eef4417d5e8fe4ee9d4d53f17eb8 avia-icon_select-yes-right-icon avia-size-x-large avia-position-left avia-color-theme-color'  ><span class='avia_iconbox_title' >Hier gehts zur Stellenbeschreibung<\/span><span class='avia_button_icon avia_button_icon_right' aria-hidden='true' data-av_icon='\ue897' data-av_iconfont='entypo-fontello'><\/span><\/a><\/div><\/div>\n","protected":false},"excerpt":{"rendered":"","protected":false},"author":1,"featured_media":0,"parent":18,"menu_order":13,"comment_status":"closed","ping_status":"closed","template":"","meta":{"footnotes":""},"class_list":["post-481","page","type-page","status-publish","hentry"],"_links":{"self":[{"href":"https:\/\/www.physiotherapie-weissensee.de\/index.php?rest_route=\/wp\/v2\/pages\/481","targetHints":{"allow":["GET"]}}],"collection":[{"href":"https:\/\/www.physiotherapie-weissensee.de\/index.php?rest_route=\/wp\/v2\/pages"}],"about":[{"href":"https:\/\/www.physiotherapie-weissensee.de\/index.php?rest_route=\/wp\/v2\/types\/page"}],"author":[{"embeddable":true,"href":"https:\/\/www.physiotherapie-weissensee.de\/index.php?rest_route=\/wp\/v2\/users\/1"}],"replies":[{"embeddable":true,"href":"https:\/\/www.physiotherapie-weissensee.de\/index.php?rest_route=%2Fwp%2Fv2%2Fcomments&post=481"}],"version-history":[{"count":3,"href":"https:\/\/www.physiotherapie-weissensee.de\/index.php?rest_route=\/wp\/v2\/pages\/481\/revisions"}],"predecessor-version":[{"id":845,"href":"https:\/\/www.physiotherapie-weissensee.de\/index.php?rest_route=\/wp\/v2\/pages\/481\/revisions\/845"}],"up":[{"embeddable":true,"href":"https:\/\/www.physiotherapie-weissensee.de\/index.php?rest_route=\/wp\/v2\/pages\/18"}],"wp:attachment":[{"href":"https:\/\/www.physiotherapie-weissensee.de\/index.php?rest_route=%2Fwp%2Fv2%2Fmedia&parent=481"}],"curies":[{"name":"wp","href":"https:\/\/api.w.org\/{rel}","templated":true}]}}